{"id":230209,"date":"2021-06-23T12:41:53","date_gmt":"2021-06-23T10:41:53","guid":{"rendered":"https:\/\/3dparade.com\/?page_id=230209"},"modified":"2021-10-06T15:16:47","modified_gmt":"2021-10-06T13:16:47","slug":"kosar","status":"publish","type":"page","link":"https:\/\/3dparade.com\/en\/kosar\/","title":{"rendered":"WebShop Kos\u00e1r oldal"},"content":{"rendered":"<div data-elementor-type=\"wp-page\" data-elementor-id=\"230209\" class=\"elementor elementor-230209\" data-elementor-post-type=\"page\">\n\t\t\t\t\t\t<section class=\"elementor-section elementor-top-section elementor-element elementor-element-e6c360f elementor-section-boxed elementor-section-height-default elementor-section-height-default wpr-particle-no wpr-jarallax-no wpr-parallax-no wpr-sticky-section-no wpr-equal-height-no\" data-id=\"e6c360f\" data-element_type=\"section\" data-e-type=\"section\" data-settings=\"{&quot;background_background&quot;:&quot;classic&quot;}\">\n\t\t\t\t\t\t<div class=\"elementor-container elementor-column-gap-default\">\n\t\t\t\t\t<div class=\"elementor-column elementor-col-100 elementor-top-column elementor-element elementor-element-e89c573\" data-id=\"e89c573\" data-element_type=\"column\" data-e-type=\"column\">\n\t\t\t<div class=\"elementor-widget-wrap elementor-element-populated\">\n\t\t\t\t\t\t<div class=\"elementor-element elementor-element-6aaf442 elementor-widget elementor-widget-template\" data-id=\"6aaf442\" data-element_type=\"widget\" data-e-type=\"widget\" data-widget_type=\"template.default\">\n\t\t\t\t<div class=\"elementor-widget-container\">\n\t\t\t\t\t\t\t<div class=\"elementor-template\">\n\t\t\t\t\t<div data-elementor-type=\"section\" data-elementor-id=\"229369\" class=\"elementor elementor-229369\" data-elementor-post-type=\"elementor_library\">\n\t\t\t\t\t<section class=\"elementor-section elementor-top-section elementor-element elementor-element-8896a44 elementor-section-full_width elementor-section-height-default elementor-section-height-default wpr-particle-no wpr-jarallax-no wpr-parallax-no wpr-sticky-section-no wpr-equal-height-no\" data-id=\"8896a44\" data-element_type=\"section\" data-e-type=\"section\" data-settings=\"{&quot;background_background&quot;:&quot;classic&quot;}\">\n\t\t\t\t\t\t<div class=\"elementor-container elementor-column-gap-default\">\n\t\t\t\t\t<div class=\"elementor-column elementor-col-100 elementor-top-column elementor-element elementor-element-7cf06d8a\" data-id=\"7cf06d8a\" data-element_type=\"column\" data-e-type=\"column\">\n\t\t\t<div class=\"elementor-widget-wrap elementor-element-populated\">\n\t\t\t\t\t\t<div class=\"elementor-element elementor-element-586f16b4 elementor-widget elementor-widget-image\" data-id=\"586f16b4\" data-element_type=\"widget\" data-e-type=\"widget\" data-widget_type=\"image.default\">\n\t\t\t\t<div class=\"elementor-widget-container\">\n\t\t\t\t\t\t\t\t\t\t\t\t\t\t\t\t<a href=\"\/en\/\">\n\t\t\t\t\t\t\t<img decoding=\"async\" src=\"https:\/\/3dparade.com\/wp-content\/uploads\/elementor\/thumbs\/3D_PARADE-orqmcxkdqyaofcd587uzjhb33j3xkmt2bhgb88a1vk.png\" title=\"3D_PARADE\" alt=\"3D_PARADE\" loading=\"lazy\" \/>\t\t\t\t\t\t\t\t<\/a>\n\t\t\t\t\t\t\t\t\t\t\t\t\t\t\t<\/div>\n\t\t\t\t<\/div>\n\t\t\t\t<div class=\"elementor-element elementor-element-1b755de9 elementor-nav-menu__align-center elementor-nav-menu--dropdown-tablet elementor-nav-menu__text-align-aside elementor-nav-menu--toggle elementor-nav-menu--burger elementor-widget elementor-widget-nav-menu\" data-id=\"1b755de9\" data-element_type=\"widget\" data-e-type=\"widget\" data-settings=\"{&quot;layout&quot;:&quot;horizontal&quot;,&quot;submenu_icon&quot;:{&quot;value&quot;:&quot;&lt;i class=\\&quot;fas fa-caret-down\\&quot; aria-hidden=\\&quot;true\\&quot;&gt;&lt;\\\/i&gt;&quot;,&quot;library&quot;:&quot;fa-solid&quot;},&quot;toggle&quot;:&quot;burger&quot;}\" data-widget_type=\"nav-menu.default\">\n\t\t\t\t<div class=\"elementor-widget-container\">\n\t\t\t\t\t\t\t\t<nav aria-label=\"Menu\" class=\"elementor-nav-menu--main elementor-nav-menu__container elementor-nav-menu--layout-horizontal e--pointer-underline e--animation-fade\">\n\t\t\t\t<ul id=\"menu-1-1b755de9\" class=\"elementor-nav-menu\"><li class=\"menu-item menu-item-type-post_type menu-item-object-page menu-item-home menu-item-229299\"><a href=\"https:\/\/3dparade.com\/en\/\" class=\"elementor-item\">Kezd\u0151lap<\/a><\/li>\n<li class=\"menu-item menu-item-type-custom menu-item-object-custom menu-item-has-children menu-item-231782\"><a href=\"#\" class=\"elementor-item elementor-item-anchor\">3D G\u00e9pek \/ Filamentek<\/a>\n<ul class=\"sub-menu elementor-nav-menu--dropdown\">\n\t<li class=\"menu-item menu-item-type-custom menu-item-object-custom menu-item-has-children menu-item-231668\"><a href=\"#\" class=\"elementor-sub-item elementor-item-anchor\">Professzion\u00e1lis 3D Nyomtat\u00f3k<\/a>\n\t<ul class=\"sub-menu elementor-nav-menu--dropdown\">\n\t\t<li class=\"menu-item menu-item-type-post_type menu-item-object-page menu-item-231671\"><a href=\"https:\/\/3dparade.com\/en\/prusa-pro-ht90-2\/\" class=\"elementor-sub-item\">Prusa Pro HT90<\/a><\/li>\n\t<\/ul>\n<\/li>\n\t<li class=\"menu-item menu-item-type-post_type menu-item-object-page menu-item-226226\"><a href=\"https:\/\/3dparade.com\/en\/trilab-3d-nyomtatok\/\" class=\"elementor-sub-item\">Trilab 3D Nyomtat\u00f3k<\/a><\/li>\n\t<li class=\"menu-item menu-item-type-post_type menu-item-object-page menu-item-has-children menu-item-231306\"><a href=\"https:\/\/3dparade.com\/en\/prussa-3d-nyomtatok\/\" class=\"elementor-sub-item\">Prusa 3D Nyomtat\u00f3k<\/a>\n\t<ul class=\"sub-menu elementor-nav-menu--dropdown\">\n\t\t<li class=\"menu-item menu-item-type-post_type menu-item-object-page menu-item-232534\"><a href=\"https:\/\/3dparade.com\/en\/prusa-core-one-3d-nyomtato\/\" class=\"elementor-sub-item\">Prusa CORE One<\/a><\/li>\n\t\t<li class=\"menu-item menu-item-type-post_type menu-item-object-page menu-item-231540\"><a href=\"https:\/\/3dparade.com\/en\/original-prusa-mini\/\" class=\"elementor-sub-item\">Original Prusa MINI+ 3D Nyomtat\u00f3<\/a><\/li>\n\t\t<li class=\"menu-item menu-item-type-post_type menu-item-object-page menu-item-231517\"><a href=\"https:\/\/3dparade.com\/en\/original-prusa-i3-mk3s\/\" class=\"elementor-sub-item\">Original Prusa i3 MK3S+ 3D nyomtat\u00f3<\/a><\/li>\n\t\t<li class=\"menu-item menu-item-type-post_type menu-item-object-page menu-item-231477\"><a href=\"https:\/\/3dparade.com\/en\/original-prusa-mk4\/\" class=\"elementor-sub-item\">Original Prusa MK4 3D Nyomtat\u00f3<\/a><\/li>\n\t\t<li class=\"menu-item menu-item-type-post_type menu-item-object-page menu-item-231572\"><a href=\"https:\/\/3dparade.com\/en\/original-prusa-xl\/\" class=\"elementor-sub-item\">Original Prusa XL 3D Nyomtat\u00f3<\/a><\/li>\n\t\t<li class=\"menu-item menu-item-type-post_type menu-item-object-page menu-item-231593\"><a href=\"https:\/\/3dparade.com\/en\/original-prusa-sl1s-speed\/\" class=\"elementor-sub-item\">Original Prusa SL1S SPEED 3D Nyomtat\u00f3<\/a><\/li>\n\t\t<li class=\"menu-item menu-item-type-post_type menu-item-object-page menu-item-231606\"><a href=\"https:\/\/3dparade.com\/en\/original-prusa-curing-and-washing-machine\/\" class=\"elementor-sub-item\">Original Prusa Curing and Washing Machine<\/a><\/li>\n\t<\/ul>\n<\/li>\n\t<li class=\"menu-item menu-item-type-post_type menu-item-object-page menu-item-226225\"><a href=\"https:\/\/3dparade.com\/en\/rangevision-3d-szkennerek\/\" class=\"elementor-sub-item\">RangeVision 3D Szkennerek<\/a><\/li>\n\t<li class=\"menu-item menu-item-type-post_type menu-item-object-page menu-item-230051\"><a href=\"https:\/\/3dparade.com\/en\/calibry-3d-szkenner\/\" class=\"elementor-sub-item\">Calibry 3D Szkenner<\/a><\/li>\n\t<li class=\"menu-item menu-item-type-post_type menu-item-object-page menu-item-has-children menu-item-231739\"><a href=\"https:\/\/3dparade.com\/en\/filamentek-3dnyomtatohoz\/\" class=\"elementor-sub-item\">Filamentek \u2013 3D Nyomtat\u00f3hoz<\/a>\n\t<ul class=\"sub-menu elementor-nav-menu--dropdown\">\n\t\t<li class=\"menu-item menu-item-type-post_type menu-item-object-page menu-item-230049\"><a href=\"https:\/\/3dparade.com\/en\/addnorth-filamentek-3dnyomtatohoz\/\" class=\"elementor-sub-item\">AddNorth Filamentek \u2013 3D Nyomtat\u00f3hoz<\/a><\/li>\n\t<\/ul>\n<\/li>\n<\/ul>\n<\/li>\n<li class=\"menu-item menu-item-type-post_type menu-item-object-page menu-item-has-children menu-item-231893\"><a href=\"https:\/\/3dparade.com\/en\/3d-bergyartas\/\" class=\"elementor-item\">3D Printing<\/a>\n<ul class=\"sub-menu elementor-nav-menu--dropdown\">\n\t<li class=\"menu-item menu-item-type-post_type menu-item-object-page menu-item-231633\"><a href=\"https:\/\/3dparade.com\/en\/3d-bergyartas-kalkulator\/\" class=\"elementor-sub-item\">3D B\u00e9rgy\u00e1rt\u00e1s Kalkul\u00e1tor<\/a><\/li>\n<\/ul>\n<\/li>\n<li class=\"menu-item menu-item-type-post_type menu-item-object-page menu-item-229590\"><a href=\"https:\/\/3dparade.com\/en\/kapcsolat1\/\" class=\"elementor-item\">Kapcsolat<\/a><\/li>\n<li class=\"menu-item menu-item-type-post_type menu-item-object-page menu-item-229589\"><a href=\"https:\/\/3dparade.com\/en\/komplex-ajanlatkero\/\" class=\"elementor-item\">Aj\u00e1nlatk\u00e9r\u0151<\/a><\/li>\n<li class=\"menu-item menu-item-type-custom menu-item-object-custom menu-item-231753\"><a href=\"https:\/\/3dparadeshop.com\/\" class=\"elementor-item\" target=\"_blank\" rel=\"noopener\">Webshop<\/a><\/li>\n<li class=\"menu-item menu-item-type-post_type menu-item-object-page menu-item-232430\"><a href=\"https:\/\/3dparade.com\/en\/ginop-plusz-1-2-2-22-2022-00521\/\" class=\"elementor-item\">GINOP_PLUSZ-1.2.2-22-2022-00521<\/a><\/li>\n<li class=\"trp-language-switcher-container menu-item menu-item-type-post_type menu-item-object-language_switcher current-language-menu-item menu-item-231694\"><a href=\"https:\/\/3dparade.com\/en\/wp-json\/wp\/v2\/pages\/230209\" class=\"elementor-item elementor-item-anchor\"><span data-no-translation><img decoding=\"async\" class=\"trp-flag-image\" src=\"https:\/\/3dparade.com\/wp-content\/plugins\/translatepress-multilingual\/assets\/images\/flags\/hu_HU.png\" width=\"18\" height=\"12\" alt=\"hu_HU\" title=\"Hungarian\"><\/span><\/a><\/li>\n<\/ul>\t\t\t<\/nav>\n\t\t\t\t\t<div class=\"elementor-menu-toggle\" role=\"button\" tabindex=\"0\" aria-label=\"Menu Toggle\" aria-expanded=\"false\">\n\t\t\t<i aria-hidden=\"true\" role=\"presentation\" class=\"elementor-menu-toggle__icon--open eicon-menu-bar\"><\/i><i aria-hidden=\"true\" role=\"presentation\" class=\"elementor-menu-toggle__icon--close eicon-close\"><\/i>\t\t<\/div>\n\t\t\t\t\t<nav class=\"elementor-nav-menu--dropdown elementor-nav-menu__container\" aria-hidden=\"true\">\n\t\t\t\t<ul id=\"menu-2-1b755de9\" class=\"elementor-nav-menu\"><li class=\"menu-item menu-item-type-post_type menu-item-object-page menu-item-home menu-item-229299\"><a href=\"https:\/\/3dparade.com\/en\/\" class=\"elementor-item\" tabindex=\"-1\">Kezd\u0151lap<\/a><\/li>\n<li class=\"menu-item menu-item-type-custom menu-item-object-custom menu-item-has-children menu-item-231782\"><a href=\"#\" class=\"elementor-item elementor-item-anchor\" tabindex=\"-1\">3D G\u00e9pek \/ Filamentek<\/a>\n<ul class=\"sub-menu elementor-nav-menu--dropdown\">\n\t<li class=\"menu-item menu-item-type-custom menu-item-object-custom menu-item-has-children menu-item-231668\"><a href=\"#\" class=\"elementor-sub-item elementor-item-anchor\" tabindex=\"-1\">Professzion\u00e1lis 3D Nyomtat\u00f3k<\/a>\n\t<ul class=\"sub-menu elementor-nav-menu--dropdown\">\n\t\t<li class=\"menu-item menu-item-type-post_type menu-item-object-page menu-item-231671\"><a href=\"https:\/\/3dparade.com\/en\/prusa-pro-ht90-2\/\" class=\"elementor-sub-item\" tabindex=\"-1\">Prusa Pro HT90<\/a><\/li>\n\t<\/ul>\n<\/li>\n\t<li class=\"menu-item menu-item-type-post_type menu-item-object-page menu-item-226226\"><a href=\"https:\/\/3dparade.com\/en\/trilab-3d-nyomtatok\/\" class=\"elementor-sub-item\" tabindex=\"-1\">Trilab 3D Nyomtat\u00f3k<\/a><\/li>\n\t<li class=\"menu-item menu-item-type-post_type menu-item-object-page menu-item-has-children menu-item-231306\"><a href=\"https:\/\/3dparade.com\/en\/prussa-3d-nyomtatok\/\" class=\"elementor-sub-item\" tabindex=\"-1\">Prusa 3D Nyomtat\u00f3k<\/a>\n\t<ul class=\"sub-menu elementor-nav-menu--dropdown\">\n\t\t<li class=\"menu-item menu-item-type-post_type menu-item-object-page menu-item-232534\"><a href=\"https:\/\/3dparade.com\/en\/prusa-core-one-3d-nyomtato\/\" class=\"elementor-sub-item\" tabindex=\"-1\">Prusa CORE One<\/a><\/li>\n\t\t<li class=\"menu-item menu-item-type-post_type menu-item-object-page menu-item-231540\"><a href=\"https:\/\/3dparade.com\/en\/original-prusa-mini\/\" class=\"elementor-sub-item\" tabindex=\"-1\">Original Prusa MINI+ 3D Nyomtat\u00f3<\/a><\/li>\n\t\t<li class=\"menu-item menu-item-type-post_type menu-item-object-page menu-item-231517\"><a href=\"https:\/\/3dparade.com\/en\/original-prusa-i3-mk3s\/\" class=\"elementor-sub-item\" tabindex=\"-1\">Original Prusa i3 MK3S+ 3D nyomtat\u00f3<\/a><\/li>\n\t\t<li class=\"menu-item menu-item-type-post_type menu-item-object-page menu-item-231477\"><a href=\"https:\/\/3dparade.com\/en\/original-prusa-mk4\/\" class=\"elementor-sub-item\" tabindex=\"-1\">Original Prusa MK4 3D Nyomtat\u00f3<\/a><\/li>\n\t\t<li class=\"menu-item menu-item-type-post_type menu-item-object-page menu-item-231572\"><a href=\"https:\/\/3dparade.com\/en\/original-prusa-xl\/\" class=\"elementor-sub-item\" tabindex=\"-1\">Original Prusa XL 3D Nyomtat\u00f3<\/a><\/li>\n\t\t<li class=\"menu-item menu-item-type-post_type menu-item-object-page menu-item-231593\"><a href=\"https:\/\/3dparade.com\/en\/original-prusa-sl1s-speed\/\" class=\"elementor-sub-item\" tabindex=\"-1\">Original Prusa SL1S SPEED 3D Nyomtat\u00f3<\/a><\/li>\n\t\t<li class=\"menu-item menu-item-type-post_type menu-item-object-page menu-item-231606\"><a href=\"https:\/\/3dparade.com\/en\/original-prusa-curing-and-washing-machine\/\" class=\"elementor-sub-item\" tabindex=\"-1\">Original Prusa Curing and Washing Machine<\/a><\/li>\n\t<\/ul>\n<\/li>\n\t<li class=\"menu-item menu-item-type-post_type menu-item-object-page menu-item-226225\"><a href=\"https:\/\/3dparade.com\/en\/rangevision-3d-szkennerek\/\" class=\"elementor-sub-item\" tabindex=\"-1\">RangeVision 3D Szkennerek<\/a><\/li>\n\t<li class=\"menu-item menu-item-type-post_type menu-item-object-page menu-item-230051\"><a href=\"https:\/\/3dparade.com\/en\/calibry-3d-szkenner\/\" class=\"elementor-sub-item\" tabindex=\"-1\">Calibry 3D Szkenner<\/a><\/li>\n\t<li class=\"menu-item menu-item-type-post_type menu-item-object-page menu-item-has-children menu-item-231739\"><a href=\"https:\/\/3dparade.com\/en\/filamentek-3dnyomtatohoz\/\" class=\"elementor-sub-item\" tabindex=\"-1\">Filamentek \u2013 3D Nyomtat\u00f3hoz<\/a>\n\t<ul class=\"sub-menu elementor-nav-menu--dropdown\">\n\t\t<li class=\"menu-item menu-item-type-post_type menu-item-object-page menu-item-230049\"><a href=\"https:\/\/3dparade.com\/en\/addnorth-filamentek-3dnyomtatohoz\/\" class=\"elementor-sub-item\" tabindex=\"-1\">AddNorth Filamentek \u2013 3D Nyomtat\u00f3hoz<\/a><\/li>\n\t<\/ul>\n<\/li>\n<\/ul>\n<\/li>\n<li class=\"menu-item menu-item-type-post_type menu-item-object-page menu-item-has-children menu-item-231893\"><a href=\"https:\/\/3dparade.com\/en\/3d-bergyartas\/\" class=\"elementor-item\" tabindex=\"-1\">3D Printing<\/a>\n<ul class=\"sub-menu elementor-nav-menu--dropdown\">\n\t<li class=\"menu-item menu-item-type-post_type menu-item-object-page menu-item-231633\"><a href=\"https:\/\/3dparade.com\/en\/3d-bergyartas-kalkulator\/\" class=\"elementor-sub-item\" tabindex=\"-1\">3D B\u00e9rgy\u00e1rt\u00e1s Kalkul\u00e1tor<\/a><\/li>\n<\/ul>\n<\/li>\n<li class=\"menu-item menu-item-type-post_type menu-item-object-page menu-item-229590\"><a href=\"https:\/\/3dparade.com\/en\/kapcsolat1\/\" class=\"elementor-item\" tabindex=\"-1\">Kapcsolat<\/a><\/li>\n<li class=\"menu-item menu-item-type-post_type menu-item-object-page menu-item-229589\"><a href=\"https:\/\/3dparade.com\/en\/komplex-ajanlatkero\/\" class=\"elementor-item\" tabindex=\"-1\">Aj\u00e1nlatk\u00e9r\u0151<\/a><\/li>\n<li class=\"menu-item menu-item-type-custom menu-item-object-custom menu-item-231753\"><a href=\"https:\/\/3dparadeshop.com\/\" class=\"elementor-item\" tabindex=\"-1\" target=\"_blank\" rel=\"noopener\">Webshop<\/a><\/li>\n<li class=\"menu-item menu-item-type-post_type menu-item-object-page menu-item-232430\"><a href=\"https:\/\/3dparade.com\/en\/ginop-plusz-1-2-2-22-2022-00521\/\" class=\"elementor-item\" tabindex=\"-1\">GINOP_PLUSZ-1.2.2-22-2022-00521<\/a><\/li>\n<li class=\"trp-language-switcher-container menu-item menu-item-type-post_type menu-item-object-language_switcher current-language-menu-item menu-item-231694\"><a href=\"https:\/\/3dparade.com\/en\/wp-json\/wp\/v2\/pages\/230209\" class=\"elementor-item elementor-item-anchor\" tabindex=\"-1\"><span data-no-translation><img decoding=\"async\" class=\"trp-flag-image\" src=\"https:\/\/3dparade.com\/wp-content\/plugins\/translatepress-multilingual\/assets\/images\/flags\/hu_HU.png\" width=\"18\" height=\"12\" alt=\"hu_HU\" title=\"Hungarian\"><\/span><\/a><\/li>\n<\/ul>\t\t\t<\/nav>\n\t\t\t\t\t\t<\/div>\n\t\t\t\t<\/div>\n\t\t\t\t\t<\/div>\n\t\t<\/div>\n\t\t\t\t\t<\/div>\n\t\t<\/section>\n\t\t\t\t<\/div>\n\t\t\t\t<\/div>\n\t\t\t\t\t\t<\/div>\n\t\t\t\t<\/div>\n\t\t\t\t\t<\/div>\n\t\t<\/div>\n\t\t\t\t\t<\/div>\n\t\t<\/section>\n\t\t\t\t<section class=\"elementor-section elementor-top-section elementor-element elementor-element-81cd53e elementor-section-boxed elementor-section-height-default elementor-section-height-default wpr-particle-no wpr-jarallax-no wpr-parallax-no wpr-sticky-section-no wpr-equal-height-no\" data-id=\"81cd53e\" data-element_type=\"section\" data-e-type=\"section\">\n\t\t\t\t\t\t<div class=\"elementor-container elementor-column-gap-default\">\n\t\t\t\t\t<div class=\"elementor-column elementor-col-100 elementor-top-column elementor-element elementor-element-75a34c8\" data-id=\"75a34c8\" data-element_type=\"column\" data-e-type=\"column\">\n\t\t\t<div class=\"elementor-widget-wrap\">\n\t\t\t\t\t\t\t<\/div>\n\t\t<\/div>\n\t\t\t\t\t<\/div>\n\t\t<\/section>\n\t\t\t\t<section class=\"elementor-section elementor-top-section elementor-element elementor-element-a46afb9 elementor-section-boxed elementor-section-height-default elementor-section-height-default wpr-particle-no wpr-jarallax-no wpr-parallax-no wpr-sticky-section-no wpr-equal-height-no\" data-id=\"a46afb9\" data-element_type=\"section\" data-e-type=\"section\">\n\t\t\t\t\t\t<div class=\"elementor-container elementor-column-gap-default\">\n\t\t\t\t\t<div class=\"elementor-column elementor-col-100 elementor-top-column elementor-element elementor-element-3628bc2\" data-id=\"3628bc2\" data-element_type=\"column\" data-e-type=\"column\">\n\t\t\t<div class=\"elementor-widget-wrap elementor-element-populated\">\n\t\t\t\t\t\t\t<\/div>\n\t\t<\/div>\n\t\t\t\t\t<\/div>\n\t\t<\/section>\n\t\t\t\t<section class=\"elementor-section elementor-top-section elementor-element elementor-element-538aa68 elementor-section-boxed elementor-section-height-default elementor-section-height-default wpr-particle-no wpr-jarallax-no wpr-parallax-no wpr-sticky-section-no wpr-equal-height-no\" data-id=\"538aa68\" data-element_type=\"section\" data-e-type=\"section\" data-settings=\"{&quot;background_background&quot;:&quot;classic&quot;}\">\n\t\t\t\t\t\t<div class=\"elementor-container elementor-column-gap-default\">\n\t\t\t\t\t<div class=\"elementor-column elementor-col-50 elementor-top-column elementor-element elementor-element-14a9f2c\" data-id=\"14a9f2c\" data-element_type=\"column\" data-e-type=\"column\">\n\t\t\t<div class=\"elementor-widget-wrap elementor-element-populated\">\n\t\t\t\t\t\t<div class=\"elementor-element elementor-element-2141bb2 elementor-widget elementor-widget-image\" data-id=\"2141bb2\" data-element_type=\"widget\" data-e-type=\"widget\" data-widget_type=\"image.default\">\n\t\t\t\t<div class=\"elementor-widget-container\">\n\t\t\t\t\t\t\t\t\t\t\t\t\t\t\t\t<a href=\"\/en\/\">\n\t\t\t\t\t\t\t<img decoding=\"async\" src=\"https:\/\/3dparade.com\/wp-content\/uploads\/elementor\/thumbs\/3D_PARADE-orqmcxkdqyaofcd587uzjhb33j3xkmt2bhgb88a1vk.png\" title=\"3D_PARADE\" alt=\"3D_PARADE\" loading=\"lazy\" \/>\t\t\t\t\t\t\t\t<\/a>\n\t\t\t\t\t\t\t\t\t\t\t\t\t\t\t<\/div>\n\t\t\t\t<\/div>\n\t\t\t\t<div class=\"elementor-element elementor-element-b24460c elementor-shape-circle e-grid-align-left e-grid-align-mobile-center elementor-grid-0 elementor-widget elementor-widget-social-icons\" data-id=\"b24460c\" data-element_type=\"widget\" data-e-type=\"widget\" data-widget_type=\"social-icons.default\">\n\t\t\t\t<div class=\"elementor-widget-container\">\n\t\t\t\t\t\t\t<div class=\"elementor-social-icons-wrapper elementor-grid\" role=\"list\">\n\t\t\t\t\t\t\t<span class=\"elementor-grid-item\" role=\"listitem\">\n\t\t\t\t\t<a class=\"elementor-icon elementor-social-icon elementor-social-icon-facebook elementor-repeater-item-a082226\" href=\"https:\/\/www.facebook.com\/3dparade\" target=\"_blank\" rel=\"noopener\">\n\t\t\t\t\t\t<span class=\"elementor-screen-only\">Facebook<\/span>\n\t\t\t\t\t\t<i aria-hidden=\"true\" class=\"fab fa-facebook\"><\/i>\t\t\t\t\t<\/a>\n\t\t\t\t<\/span>\n\t\t\t\t\t\t\t<span class=\"elementor-grid-item\" role=\"listitem\">\n\t\t\t\t\t<a class=\"elementor-icon elementor-social-icon elementor-social-icon-instagram elementor-repeater-item-eb4a492\" href=\"https:\/\/www.instagram.com\/3dparade\/?hl=hu\" target=\"_blank\" rel=\"noopener\">\n\t\t\t\t\t\t<span class=\"elementor-screen-only\">Instagram<\/span>\n\t\t\t\t\t\t<i aria-hidden=\"true\" class=\"fab fa-instagram\"><\/i>\t\t\t\t\t<\/a>\n\t\t\t\t<\/span>\n\t\t\t\t\t\t\t<span class=\"elementor-grid-item\" role=\"listitem\">\n\t\t\t\t\t<a class=\"elementor-icon elementor-social-icon elementor-social-icon-youtube elementor-repeater-item-f52d949\" href=\"https:\/\/www.youtube.com\/channel\/UCm1liQW0JkAJmQY0607dHJg\" target=\"_blank\" rel=\"noopener\">\n\t\t\t\t\t\t<span class=\"elementor-screen-only\">Youtube<\/span>\n\t\t\t\t\t\t<i aria-hidden=\"true\" class=\"fab fa-youtube\"><\/i>\t\t\t\t\t<\/a>\n\t\t\t\t<\/span>\n\t\t\t\t\t<\/div>\n\t\t\t\t\t\t<\/div>\n\t\t\t\t<\/div>\n\t\t\t\t\t<\/div>\n\t\t<\/div>\n\t\t\t\t<div class=\"elementor-column elementor-col-50 elementor-top-column elementor-element elementor-element-b44f1de\" data-id=\"b44f1de\" data-element_type=\"column\" data-e-type=\"column\">\n\t\t\t<div class=\"elementor-widget-wrap elementor-element-populated\">\n\t\t\t\t\t\t<div class=\"elementor-element elementor-element-30df0f2e elementor-widget elementor-widget-text-editor\" data-id=\"30df0f2e\" data-element_type=\"widget\" data-e-type=\"widget\" data-widget_type=\"text-editor.default\">\n\t\t\t\t<div class=\"elementor-widget-container\">\n\t\t\t\t\t\t\t\t\t<p><a href=\"https:\/\/3dparade.com\/en\/otlettar-bemutato\/\">E-BOOK |<\/a><a style=\"font-size: 15px;\" href=\"https:\/\/3dparade.com\/en\/kapcsolat1\/\" rel=\"noopener\"> Contact | <\/a><a href=\"https:\/\/3dparade.com\/en\/impresszum1\/\" rel=\"noopener\">IMPRESSZUM | <\/a><a style=\"font-size: 15px;\" href=\"https:\/\/3dparade.com\/en\/aszf1\/\" rel=\"noopener\">\u00c1SZF \u2013 ADATV\u00c9DELEM<\/a><\/p>\t\t\t\t\t\t\t\t<\/div>\n\t\t\t\t<\/div>\n\t\t\t\t<div class=\"elementor-element elementor-element-3085f89 elementor-widget elementor-widget-heading\" data-id=\"3085f89\" data-element_type=\"widget\" data-e-type=\"widget\" data-widget_type=\"heading.default\">\n\t\t\t\t<div class=\"elementor-widget-container\">\n\t\t\t\t\t<h6 class=\"elementor-heading-title elementor-size-default\">\u00a9 2021 | 3D PARADE - GenProfit Kft.<\/h6>\t\t\t\t<\/div>\n\t\t\t\t<\/div>\n\t\t\t\t\t<\/div>\n\t\t<\/div>\n\t\t\t\t\t<\/div>\n\t\t<\/section>\n\t\t\t\t<\/div>","protected":false},"excerpt":{"rendered":"<p> Facebook Instagram Youtube \u00d6TLETT\u00c1R | KAPCSOLAT | IMPRESSZUM | \u00c1SZF \u2013 ADATV\u00c9DELEM \u00a9 2021 | 3D PARADE &#8211; GenProfit Kft.<\/p>","protected":false},"author":1,"featured_media":229601,"parent":0,"menu_order":0,"comment_status":"closed","ping_status":"closed","template":"page-template-blank.php","meta":{"_et_pb_use_builder":"on","_et_pb_old_content":"[woocommerce_cart ]\r\n<a href=\"\/\">\r\n<img title=\"3D_PARADE\" src=\"https:\/\/3dparade.com\/wp-content\/uploads\/elementor\/thumbs\/3D_PARADE-orqmcxkdqyaofcd587uzjhb33j3xkmt2bhgb88a1vk.png\" alt=\"3D_PARADE\" \/> <\/a>\r\n<a href=\"https:\/\/www.facebook.com\/3dparade\" target=\"_blank\" rel=\"noopener\">\r\nFacebook\r\n<\/a>\r\n<a href=\"https:\/\/www.instagram.com\/3dparade\/?hl=hu\" target=\"_blank\" rel=\"noopener\">\r\nInstagram\r\n<\/a>\r\n<a href=\"https:\/\/www.youtube.com\/channel\/UCm1liQW0JkAJmQY0607dHJg\" target=\"_blank\" rel=\"noopener\">\r\nYoutube\r\n<\/a>\r\n\r\n<a href=\"https:\/\/3dparade.com\/otlettar-bemutato\/\">\u00d6TLETT\u00c1R |<\/a><a style=\"font-size: 15px;\" href=\"https:\/\/3dparade.com\/kapcsolat1\/\" rel=\"noopener\"> KAPCSOLAT | <\/a><a href=\"https:\/\/3dparade.com\/impresszum1\/\" rel=\"noopener\">IMPRESSZUM | <\/a><a style=\"font-size: 15px;\" href=\"https:\/\/3dparade.com\/aszf1\/\" rel=\"noopener\">\u00c1SZF \u2013 ADATV\u00c9DELEM<\/a>\r\n<h6>\u00a9 2021 | 3D PARADE - GenProfit Kft.<\/h6>","_et_gb_content_width":"","footnotes":""},"categories":[],"tags":[],"class_list":["post-230209","page","type-page","status-publish","has-post-thumbnail","hentry"],"_links":{"self":[{"href":"https:\/\/3dparade.com\/en\/wp-json\/wp\/v2\/pages\/230209","targetHints":{"allow":["GET"]}}],"collection":[{"href":"https:\/\/3dparade.com\/en\/wp-json\/wp\/v2\/pages"}],"about":[{"href":"https:\/\/3dparade.com\/en\/wp-json\/wp\/v2\/types\/page"}],"author":[{"embeddable":true,"href":"https:\/\/3dparade.com\/en\/wp-json\/wp\/v2\/users\/1"}],"replies":[{"embeddable":true,"href":"https:\/\/3dparade.com\/en\/wp-json\/wp\/v2\/comments?post=230209"}],"version-history":[{"count":6,"href":"https:\/\/3dparade.com\/en\/wp-json\/wp\/v2\/pages\/230209\/revisions"}],"predecessor-version":[{"id":230399,"href":"https:\/\/3dparade.com\/en\/wp-json\/wp\/v2\/pages\/230209\/revisions\/230399"}],"wp:featuredmedia":[{"embeddable":true,"href":"https:\/\/3dparade.com\/en\/wp-json\/wp\/v2\/media\/229601"}],"wp:attachment":[{"href":"https:\/\/3dparade.com\/en\/wp-json\/wp\/v2\/media?parent=230209"}],"wp:term":[{"taxonomy":"category","embeddable":true,"href":"https:\/\/3dparade.com\/en\/wp-json\/wp\/v2\/categories?post=230209"},{"taxonomy":"post_tag","embeddable":true,"href":"https:\/\/3dparade.com\/en\/wp-json\/wp\/v2\/tags?post=230209"}],"curies":[{"name":"wp","href":"https:\/\/api.w.org\/{rel}","templated":true}]}}