{"id":229196,"date":"2021-03-04T17:42:41","date_gmt":"2021-03-04T15:42:41","guid":{"rendered":"https:\/\/3dparade.com\/?page_id=229196"},"modified":"2021-03-04T18:18:42","modified_gmt":"2021-03-04T16:18:42","slug":"lepjunk-elore","status":"publish","type":"page","link":"https:\/\/3dparade.com\/en\/lepjunk-elore\/","title":{"rendered":"L\u00e9pj\u00fcnk el\u0151re"},"content":{"rendered":"<div data-elementor-type=\"wp-page\" data-elementor-id=\"229196\" class=\"elementor elementor-229196\" data-elementor-post-type=\"page\">\n\t\t\t\t\t\t<section class=\"elementor-section elementor-top-section elementor-element elementor-element-9a78aad elementor-section-full_width elementor-section-height-default elementor-section-height-default wpr-particle-no wpr-jarallax-no wpr-parallax-no wpr-sticky-section-no wpr-equal-height-no\" data-id=\"9a78aad\" data-element_type=\"section\" data-e-type=\"section\" data-settings=\"{&quot;background_background&quot;:&quot;classic&quot;}\">\n\t\t\t\t\t\t\t<div class=\"elementor-background-overlay\"><\/div>\n\t\t\t\t\t\t\t<div class=\"elementor-container elementor-column-gap-default\">\n\t\t\t\t\t<div class=\"elementor-column elementor-col-100 elementor-top-column elementor-element elementor-element-463695f7\" data-id=\"463695f7\" data-element_type=\"column\" data-e-type=\"column\">\n\t\t\t<div class=\"elementor-widget-wrap elementor-element-populated\">\n\t\t\t\t\t\t<section class=\"elementor-section elementor-inner-section elementor-element elementor-element-8708e83 elementor-section-boxed elementor-section-height-default elementor-section-height-default wpr-particle-no wpr-jarallax-no wpr-parallax-no wpr-sticky-section-no wpr-equal-height-no\" data-id=\"8708e83\" data-element_type=\"section\" data-e-type=\"section\" data-settings=\"{&quot;background_background&quot;:&quot;classic&quot;}\">\n\t\t\t\t\t\t<div class=\"elementor-container elementor-column-gap-default\">\n\t\t\t\t\t<div class=\"elementor-column elementor-col-100 elementor-inner-column elementor-element elementor-element-6543705\" data-id=\"6543705\" data-element_type=\"column\" data-e-type=\"column\">\n\t\t\t<div class=\"elementor-widget-wrap elementor-element-populated\">\n\t\t\t\t\t\t<div class=\"elementor-element elementor-element-a5108f3 elementor-widget elementor-widget-image\" data-id=\"a5108f3\" data-element_type=\"widget\" data-e-type=\"widget\" data-widget_type=\"image.default\">\n\t\t\t\t<div class=\"elementor-widget-container\">\n\t\t\t\t\t\t\t\t\t\t\t\t\t\t\t<img decoding=\"async\" width=\"300\" height=\"51\" src=\"https:\/\/3dparade.com\/wp-content\/uploads\/2019\/03\/3D_PARADE.png\" class=\"attachment-full size-full wp-image-116341\" alt=\"\" \/>\t\t\t\t\t\t\t\t\t\t\t\t\t\t\t<\/div>\n\t\t\t\t<\/div>\n\t\t\t\t\t<\/div>\n\t\t<\/div>\n\t\t\t\t\t<\/div>\n\t\t<\/section>\n\t\t\t\t<div class=\"elementor-element elementor-element-1e7cd91d elementor-widget elementor-widget-heading\" data-id=\"1e7cd91d\" data-element_type=\"widget\" data-e-type=\"widget\" data-widget_type=\"heading.default\">\n\t\t\t\t<div class=\"elementor-widget-container\">\n\t\t\t\t\t<h1 class=\"elementor-heading-title elementor-size-default\">L\u00c9PJ\u00dcNK EL\u0150RE<\/h1>\t\t\t\t<\/div>\n\t\t\t\t<\/div>\n\t\t\t\t<div class=\"elementor-element elementor-element-6547d94a elementor-widget elementor-widget-heading\" data-id=\"6547d94a\" data-element_type=\"widget\" data-e-type=\"widget\" data-widget_type=\"heading.default\">\n\t\t\t\t<div class=\"elementor-widget-container\">\n\t\t\t\t\t<h3 class=\"elementor-heading-title elementor-size-default\">A MEGVAL\u00d3S\u00cdT\u00c1S FEL\u00c9<\/h3>\t\t\t\t<\/div>\n\t\t\t\t<\/div>\n\t\t\t\t<div class=\"elementor-element elementor-element-c2ab8ea elementor-widget elementor-widget-image\" data-id=\"c2ab8ea\" data-element_type=\"widget\" data-e-type=\"widget\" data-widget_type=\"image.default\">\n\t\t\t\t<div class=\"elementor-widget-container\">\n\t\t\t\t\t\t\t\t\t\t\t\t\t\t\t<img decoding=\"async\" src=\"https:\/\/3dparade.com\/wp-content\/uploads\/elementor\/thumbs\/goal-p3q94f23yk4bmabs0hxqri5r9mumn9y21m5q5i0jps.png\" title=\"goal\" alt=\"goal\" loading=\"lazy\" \/>\t\t\t\t\t\t\t\t\t\t\t\t\t\t\t<\/div>\n\t\t\t\t<\/div>\n\t\t\t\t\t<\/div>\n\t\t<\/div>\n\t\t\t\t\t<\/div>\n\t\t<\/section>\n\t\t\t\t<section class=\"elementor-section elementor-top-section elementor-element elementor-element-cfdc53c elementor-section-boxed elementor-section-height-default elementor-section-height-default wpr-particle-no wpr-jarallax-no wpr-parallax-no wpr-sticky-section-no wpr-equal-height-no\" data-id=\"cfdc53c\" data-element_type=\"section\" data-e-type=\"section\">\n\t\t\t\t\t\t<div class=\"elementor-container elementor-column-gap-default\">\n\t\t\t\t\t<div class=\"elementor-column elementor-col-50 elementor-top-column elementor-element elementor-element-1126612\" data-id=\"1126612\" data-element_type=\"column\" data-e-type=\"column\">\n\t\t\t<div class=\"elementor-widget-wrap elementor-element-populated\">\n\t\t\t\t\t\t<div class=\"elementor-element elementor-element-2a778f9 elementor-align-right elementor-mobile-align-center elementor-widget elementor-widget-button\" data-id=\"2a778f9\" data-element_type=\"widget\" data-e-type=\"widget\" data-widget_type=\"button.default\">\n\t\t\t\t<div class=\"elementor-widget-container\">\n\t\t\t\t\t\t\t\t\t<div class=\"elementor-button-wrapper\">\n\t\t\t\t\t<a class=\"elementor-button elementor-button-link elementor-size-md\" href=\"https:\/\/3dparade.com\/en\/otlettar-segitsegkero\/\">\n\t\t\t\t\t\t<span class=\"elementor-button-content-wrapper\">\n\t\t\t\t\t\t<span class=\"elementor-button-icon\">\n\t\t\t\t<i aria-hidden=\"true\" class=\"fas fa-handshake\"><\/i>\t\t\t<\/span>\n\t\t\t\t\t\t\t\t\t<span class=\"elementor-button-text\">Seg\u00edts\u00e9gk\u00e9r\u0151<\/span>\n\t\t\t\t\t<\/span>\n\t\t\t\t\t<\/a>\n\t\t\t\t<\/div>\n\t\t\t\t\t\t\t\t<\/div>\n\t\t\t\t<\/div>\n\t\t\t\t\t<\/div>\n\t\t<\/div>\n\t\t\t\t<div class=\"elementor-column elementor-col-50 elementor-top-column elementor-element elementor-element-859aceb\" data-id=\"859aceb\" data-element_type=\"column\" data-e-type=\"column\">\n\t\t\t<div class=\"elementor-widget-wrap elementor-element-populated\">\n\t\t\t\t\t\t<div class=\"elementor-element elementor-element-5d602c2 elementor-align-left elementor-mobile-align-center elementor-widget elementor-widget-button\" data-id=\"5d602c2\" data-element_type=\"widget\" data-e-type=\"widget\" data-widget_type=\"button.default\">\n\t\t\t\t<div class=\"elementor-widget-container\">\n\t\t\t\t\t\t\t\t\t<div class=\"elementor-button-wrapper\">\n\t\t\t\t\t<a class=\"elementor-button elementor-button-link elementor-size-md\" href=\"https:\/\/3dparade.com\/en\/otlettar-ajanlatkero\/\">\n\t\t\t\t\t\t<span class=\"elementor-button-content-wrapper\">\n\t\t\t\t\t\t<span class=\"elementor-button-icon\">\n\t\t\t\t<i aria-hidden=\"true\" class=\"fas fa-file-alt\"><\/i>\t\t\t<\/span>\n\t\t\t\t\t\t\t\t\t<span class=\"elementor-button-text\">Aj\u00e1nlatk\u00e9r\u0151<\/span>\n\t\t\t\t\t<\/span>\n\t\t\t\t\t<\/a>\n\t\t\t\t<\/div>\n\t\t\t\t\t\t\t\t<\/div>\n\t\t\t\t<\/div>\n\t\t\t\t\t<\/div>\n\t\t<\/div>\n\t\t\t\t\t<\/div>\n\t\t<\/section>\n\t\t\t\t<section class=\"elementor-section elementor-top-section elementor-element elementor-element-a1d3715 elementor-section-boxed elementor-section-height-default elementor-section-height-default wpr-particle-no wpr-jarallax-no wpr-parallax-no wpr-sticky-section-no wpr-equal-height-no\" data-id=\"a1d3715\" data-element_type=\"section\" data-e-type=\"section\">\n\t\t\t\t\t\t<div class=\"elementor-container elementor-column-gap-default\">\n\t\t\t\t\t<div class=\"elementor-column elementor-col-100 elementor-top-column elementor-element elementor-element-daf2938\" data-id=\"daf2938\" data-element_type=\"column\" data-e-type=\"column\">\n\t\t\t<div class=\"elementor-widget-wrap elementor-element-populated\">\n\t\t\t\t\t\t<div class=\"elementor-element elementor-element-54fa22c elementor-widget elementor-widget-heading\" data-id=\"54fa22c\" data-element_type=\"widget\" data-e-type=\"widget\" data-widget_type=\"heading.default\">\n\t\t\t\t<div class=\"elementor-widget-container\">\n\t\t\t\t\t<h3 class=\"elementor-heading-title elementor-size-default\">Mind a k\u00e9t esetben keres\u00fcnk megold\u00e1st<\/h3>\t\t\t\t<\/div>\n\t\t\t\t<\/div>\n\t\t\t\t\t<\/div>\n\t\t<\/div>\n\t\t\t\t\t<\/div>\n\t\t<\/section>\n\t\t\t\t<\/div>","protected":false},"excerpt":{"rendered":"<p>L\u00c9PJ\u00dcNK EL\u0150RE A MEGVAL\u00d3S\u00cdT\u00c1S FEL\u00c9 Seg\u00edts\u00e9gk\u00e9r\u0151 Aj\u00e1nlatk\u00e9r\u0151 Mind a k\u00e9t esetben keres\u00fcnk megold\u00e1st<\/p>","protected":false},"author":2,"featured_media":228431,"parent":0,"menu_order":0,"comment_status":"closed","ping_status":"closed","template":"elementor_canvas","meta":{"_et_pb_use_builder":"on","_et_pb_old_content":"<img width=\"300\" height=\"51\" src=\"https:\/\/3dparade.com\/wp-content\/uploads\/2019\/03\/3D_PARADE.png\" alt=\"\" \/>\t\t\t\t\t\t\t\t\t\t\t\n\t\t\t<h1>L\u00c9PJ\u00dcNK EL\u0150RE<\/h1>\t\t\n\t\t\t<h3>A MEGVAL\u00d3S\u00cdT\u00c1S FEL\u00c9<\/h3>\t\t\n\t\t\t\t\t\t\t\t\t\t<img src=\"https:\/\/3dparade.com\/wp-content\/uploads\/elementor\/thumbs\/goal-p3q94f23yk4bmabs0hxqri5r9mumn9y21m5q5i0jps.png\" title=\"goal\" alt=\"goal\" \/>\t\t\t\t\t\t\t\t\t\t\t\n\t\t\t<a href=\"https:\/\/3dparade.com\/otlettar-segitsegkero\/\" role=\"button\">\n\t\t\t\t\t\tSeg\u00edts\u00e9gk\u00e9r\u0151\n\t\t\t\t\t<\/a>\n\t\t\t<a href=\"https:\/\/3dparade.com\/otlettar-ajanlatkero\/\" role=\"button\">\n\t\t\t\t\t\tAj\u00e1nlatk\u00e9r\u0151\n\t\t\t\t\t<\/a>\n\t\t\t<h3>Mind a k\u00e9t esetben keres\u00fcnk megold\u00e1st<\/h3>","_et_gb_content_width":"","footnotes":""},"categories":[],"tags":[],"class_list":["post-229196","page","type-page","status-publish","has-post-thumbnail","hentry"],"_links":{"self":[{"href":"https:\/\/3dparade.com\/en\/wp-json\/wp\/v2\/pages\/229196","targetHints":{"allow":["GET"]}}],"collection":[{"href":"https:\/\/3dparade.com\/en\/wp-json\/wp\/v2\/pages"}],"about":[{"href":"https:\/\/3dparade.com\/en\/wp-json\/wp\/v2\/types\/page"}],"author":[{"embeddable":true,"href":"https:\/\/3dparade.com\/en\/wp-json\/wp\/v2\/users\/2"}],"replies":[{"embeddable":true,"href":"https:\/\/3dparade.com\/en\/wp-json\/wp\/v2\/comments?post=229196"}],"version-history":[{"count":7,"href":"https:\/\/3dparade.com\/en\/wp-json\/wp\/v2\/pages\/229196\/revisions"}],"predecessor-version":[{"id":229204,"href":"https:\/\/3dparade.com\/en\/wp-json\/wp\/v2\/pages\/229196\/revisions\/229204"}],"wp:featuredmedia":[{"embeddable":true,"href":"https:\/\/3dparade.com\/en\/wp-json\/wp\/v2\/media\/228431"}],"wp:attachment":[{"href":"https:\/\/3dparade.com\/en\/wp-json\/wp\/v2\/media?parent=229196"}],"wp:term":[{"taxonomy":"category","embeddable":true,"href":"https:\/\/3dparade.com\/en\/wp-json\/wp\/v2\/categories?post=229196"},{"taxonomy":"post_tag","embeddable":true,"href":"https:\/\/3dparade.com\/en\/wp-json\/wp\/v2\/tags?post=229196"}],"curies":[{"name":"wp","href":"https:\/\/api.w.org\/{rel}","templated":true}]}}