{"id":228935,"date":"2021-02-12T16:36:56","date_gmt":"2021-02-12T14:36:56","guid":{"rendered":"https:\/\/3dparade.com\/?page_id=228935"},"modified":"2021-03-08T10:57:51","modified_gmt":"2021-03-08T08:57:51","slug":"otlettar-ebook-letoltes","status":"publish","type":"page","link":"https:\/\/3dparade.com\/en\/otlettar-ebook-letoltes\/","title":{"rendered":"\u00d6tlett\u00e1r ebook let\u00f6lt\u00e9s"},"content":{"rendered":"<div data-elementor-type=\"wp-page\" data-elementor-id=\"228935\" class=\"elementor elementor-228935\" data-elementor-post-type=\"page\">\n\t\t\t\t\t\t<section class=\"elementor-section elementor-top-section elementor-element elementor-element-9a78aad elementor-section-full_width elementor-section-height-default elementor-section-height-default wpr-particle-no wpr-jarallax-no wpr-parallax-no wpr-sticky-section-no wpr-equal-height-no\" data-id=\"9a78aad\" data-element_type=\"section\" data-e-type=\"section\" data-settings=\"{&quot;background_background&quot;:&quot;classic&quot;}\">\n\t\t\t\t\t\t\t<div class=\"elementor-background-overlay\"><\/div>\n\t\t\t\t\t\t\t<div class=\"elementor-container elementor-column-gap-default\">\n\t\t\t\t\t<div class=\"elementor-column elementor-col-100 elementor-top-column elementor-element elementor-element-463695f7\" data-id=\"463695f7\" data-element_type=\"column\" data-e-type=\"column\">\n\t\t\t<div class=\"elementor-widget-wrap elementor-element-populated\">\n\t\t\t\t\t\t<section class=\"elementor-section elementor-inner-section elementor-element elementor-element-8708e83 elementor-section-boxed elementor-section-height-default elementor-section-height-default wpr-particle-no wpr-jarallax-no wpr-parallax-no wpr-sticky-section-no wpr-equal-height-no\" data-id=\"8708e83\" data-element_type=\"section\" data-e-type=\"section\" data-settings=\"{&quot;background_background&quot;:&quot;classic&quot;}\">\n\t\t\t\t\t\t<div class=\"elementor-container elementor-column-gap-default\">\n\t\t\t\t\t<div class=\"elementor-column elementor-col-100 elementor-inner-column elementor-element elementor-element-6543705\" data-id=\"6543705\" data-element_type=\"column\" data-e-type=\"column\">\n\t\t\t<div class=\"elementor-widget-wrap elementor-element-populated\">\n\t\t\t\t\t\t<div class=\"elementor-element elementor-element-a5108f3 elementor-widget elementor-widget-image\" data-id=\"a5108f3\" data-element_type=\"widget\" data-e-type=\"widget\" data-widget_type=\"image.default\">\n\t\t\t\t<div class=\"elementor-widget-container\">\n\t\t\t\t\t\t\t\t\t\t\t\t\t\t\t<img decoding=\"async\" width=\"300\" height=\"51\" src=\"https:\/\/3dparade.com\/wp-content\/uploads\/2019\/03\/3D_PARADE.png\" class=\"attachment-full size-full wp-image-116341\" alt=\"\" \/>\t\t\t\t\t\t\t\t\t\t\t\t\t\t\t<\/div>\n\t\t\t\t<\/div>\n\t\t\t\t\t<\/div>\n\t\t<\/div>\n\t\t\t\t\t<\/div>\n\t\t<\/section>\n\t\t\t\t<div class=\"elementor-element elementor-element-1e7cd91d elementor-widget elementor-widget-heading\" data-id=\"1e7cd91d\" data-element_type=\"widget\" data-e-type=\"widget\" data-widget_type=\"heading.default\">\n\t\t\t\t<div class=\"elementor-widget-container\">\n\t\t\t\t\t<h1 class=\"elementor-heading-title elementor-size-default\">\u00d6TLETT\u00c1R<\/h1>\t\t\t\t<\/div>\n\t\t\t\t<\/div>\n\t\t\t\t<div class=\"elementor-element elementor-element-6547d94a elementor-widget elementor-widget-heading\" data-id=\"6547d94a\" data-element_type=\"widget\" data-e-type=\"widget\" data-widget_type=\"heading.default\">\n\t\t\t\t<div class=\"elementor-widget-container\">\n\t\t\t\t\t<h3 class=\"elementor-heading-title elementor-size-default\">Legyen a ti\u00e9d az ingyenes ebook 1 kattint\u00e1ssal<\/h3>\t\t\t\t<\/div>\n\t\t\t\t<\/div>\n\t\t\t\t<div class=\"elementor-element elementor-element-c2ab8ea elementor-widget elementor-widget-image\" data-id=\"c2ab8ea\" data-element_type=\"widget\" data-e-type=\"widget\" data-widget_type=\"image.default\">\n\t\t\t\t<div class=\"elementor-widget-container\">\n\t\t\t\t\t\t\t\t\t\t\t\t\t\t\t<img decoding=\"async\" src=\"https:\/\/3dparade.com\/wp-content\/uploads\/elementor\/thumbs\/ebook-p2reu0bu03qr3djnuast9itkk12vsdgpy563rpo2fw.png\" title=\"ebook\" alt=\"ebook\" loading=\"lazy\" \/>\t\t\t\t\t\t\t\t\t\t\t\t\t\t\t<\/div>\n\t\t\t\t<\/div>\n\t\t\t\t<section class=\"elementor-section elementor-inner-section elementor-element elementor-element-340bf7c elementor-section-boxed elementor-section-height-default elementor-section-height-default wpr-particle-no wpr-jarallax-no wpr-parallax-no wpr-sticky-section-no wpr-equal-height-no\" data-id=\"340bf7c\" data-element_type=\"section\" data-e-type=\"section\">\n\t\t\t\t\t\t<div class=\"elementor-container elementor-column-gap-default\">\n\t\t\t\t\t<div class=\"elementor-column elementor-col-100 elementor-inner-column elementor-element elementor-element-2bbfcee\" data-id=\"2bbfcee\" data-element_type=\"column\" data-e-type=\"column\">\n\t\t\t<div class=\"elementor-widget-wrap elementor-element-populated\">\n\t\t\t\t\t\t<div class=\"elementor-element elementor-element-3813eeda elementor-align-center elementor-widget elementor-widget-button\" data-id=\"3813eeda\" data-element_type=\"widget\" data-e-type=\"widget\" data-widget_type=\"button.default\">\n\t\t\t\t<div class=\"elementor-widget-container\">\n\t\t\t\t\t\t\t\t\t<div class=\"elementor-button-wrapper\">\n\t\t\t\t\t<a class=\"elementor-button elementor-button-link elementor-size-md\" href=\"https:\/\/3dparade.com\/wp-content\/uploads\/2021\/03\/3Dparade-\u00d6tlett\u00e1r-Ebook-1.pdf\" download=\"wp-file\">\n\t\t\t\t\t\t<span class=\"elementor-button-content-wrapper\">\n\t\t\t\t\t\t<span class=\"elementor-button-icon\">\n\t\t\t\t<i aria-hidden=\"true\" class=\"fas fa-file-download\"><\/i>\t\t\t<\/span>\n\t\t\t\t\t\t\t\t\t<span class=\"elementor-button-text\">Ebook let\u00f6lt\u00e9se<\/span>\n\t\t\t\t\t<\/span>\n\t\t\t\t\t<\/a>\n\t\t\t\t<\/div>\n\t\t\t\t\t\t\t\t<\/div>\n\t\t\t\t<\/div>\n\t\t\t\t<div class=\"elementor-element elementor-element-13f5c7a elementor-widget elementor-widget-heading\" data-id=\"13f5c7a\" data-element_type=\"widget\" data-e-type=\"widget\" data-widget_type=\"heading.default\">\n\t\t\t\t<div class=\"elementor-widget-container\">\n\t\t\t\t\t<h3 class=\"elementor-heading-title elementor-size-default\">Biztons\u00e1gos PDF form\u00e1tumban.<\/h3>\t\t\t\t<\/div>\n\t\t\t\t<\/div>\n\t\t\t\t\t<\/div>\n\t\t<\/div>\n\t\t\t\t\t<\/div>\n\t\t<\/section>\n\t\t\t\t\t<\/div>\n\t\t<\/div>\n\t\t\t\t\t<\/div>\n\t\t<\/section>\n\t\t\t\t<\/div>","protected":false},"excerpt":{"rendered":"<p>\u00d6TLETT\u00c1R Legyen a ti\u00e9d az ingyenes ebook 1 kattint\u00e1ssal Ebook let\u00f6lt\u00e9se Biztons\u00e1gos PDF form\u00e1tumban.<\/p>","protected":false},"author":2,"featured_media":228431,"parent":0,"menu_order":0,"comment_status":"closed","ping_status":"closed","template":"elementor_canvas","meta":{"_et_pb_use_builder":"on","_et_pb_old_content":"<img width=\"300\" height=\"51\" src=\"https:\/\/3dparade.com\/wp-content\/uploads\/2019\/03\/3D_PARADE.png\" alt=\"\" \/>\t\t\t\t\t\t\t\t\t\t\t\n\t\t\t<h1>\u00d6TLETT\u00c1R<\/h1>\t\t\n\t\t\t<h3>Legyen a ti\u00e9d az ingyenes ebook 1 kattint\u00e1ssal<\/h3>\t\t\n\t\t\t\t\t\t\t\t\t\t<img src=\"https:\/\/3dparade.com\/wp-content\/uploads\/elementor\/thumbs\/ebook-p2reu0bu03qr3djnuast9itkk12vsdgpy563rpo2fw.png\" title=\"ebook\" alt=\"ebook\" \/>\t\t\t\t\t\t\t\t\t\t\t\n\t\t\t<a href=\"https:\/\/3dparade.com\/wp-content\/uploads\/2021\/03\/3Dparade-\u00d6tlett\u00e1r-Ebook-1.pdf\" download=\"wp-file\" role=\"button\">\n\t\t\t\t\t\tEbook let\u00f6lt\u00e9se\n\t\t\t\t\t<\/a>\n\t\t\t<h3>Biztons\u00e1gos PDF form\u00e1tumban.<\/h3>","_et_gb_content_width":"","footnotes":""},"categories":[],"tags":[],"class_list":["post-228935","page","type-page","status-publish","has-post-thumbnail","hentry"],"_links":{"self":[{"href":"https:\/\/3dparade.com\/en\/wp-json\/wp\/v2\/pages\/228935","targetHints":{"allow":["GET"]}}],"collection":[{"href":"https:\/\/3dparade.com\/en\/wp-json\/wp\/v2\/pages"}],"about":[{"href":"https:\/\/3dparade.com\/en\/wp-json\/wp\/v2\/types\/page"}],"author":[{"embeddable":true,"href":"https:\/\/3dparade.com\/en\/wp-json\/wp\/v2\/users\/2"}],"replies":[{"embeddable":true,"href":"https:\/\/3dparade.com\/en\/wp-json\/wp\/v2\/comments?post=228935"}],"version-history":[{"count":50,"href":"https:\/\/3dparade.com\/en\/wp-json\/wp\/v2\/pages\/228935\/revisions"}],"predecessor-version":[{"id":230335,"href":"https:\/\/3dparade.com\/en\/wp-json\/wp\/v2\/pages\/228935\/revisions\/230335"}],"wp:featuredmedia":[{"embeddable":true,"href":"https:\/\/3dparade.com\/en\/wp-json\/wp\/v2\/media\/228431"}],"wp:attachment":[{"href":"https:\/\/3dparade.com\/en\/wp-json\/wp\/v2\/media?parent=228935"}],"wp:term":[{"taxonomy":"category","embeddable":true,"href":"https:\/\/3dparade.com\/en\/wp-json\/wp\/v2\/categories?post=228935"},{"taxonomy":"post_tag","embeddable":true,"href":"https:\/\/3dparade.com\/en\/wp-json\/wp\/v2\/tags?post=228935"}],"curies":[{"name":"wp","href":"https:\/\/api.w.org\/{rel}","templated":true}]}}