{"id":228473,"date":"2020-05-29T13:15:19","date_gmt":"2020-05-29T11:15:19","guid":{"rendered":"https:\/\/3dparade.com\/?page_id=228473"},"modified":"2020-05-29T13:15:19","modified_gmt":"2020-05-29T11:15:19","slug":"feliratkozas-koszonooldal","status":"publish","type":"page","link":"https:\/\/3dparade.com\/en\/feliratkozas-koszonooldal\/","title":{"rendered":"Feliratkozas-koszonooldal"},"content":{"rendered":"<p>[et_pb_section admin_label=&#8221;section&#8221;]<br \/>\n[et_pb_row admin_label=&#8221;row&#8221;]<br \/>\n[et_pb_column type=&#8221;4_4&#8243;][et_pb_text admin_label=&#8221;Text&#8221;]K\u00f6sz\u00f6nj\u00fck, hogy feliratkozt\u00e1l h\u00edrlevel\u00fcnkre![\/et_pb_text][\/et_pb_column]<br \/>\n[\/et_pb_row]<br \/>\n[\/et_pb_section]<\/p>\n","protected":false},"excerpt":{"rendered":"<p>K\u00f6sz\u00f6nj\u00fck, hogy feliratkozt\u00e1l h\u00edrlevel\u00fcnkre!<\/p>","protected":false},"author":1,"featured_media":0,"parent":0,"menu_order":0,"comment_status":"closed","ping_status":"closed","template":"","meta":{"_et_pb_use_builder":"on","_et_pb_old_content":"K\u00f6sz\u00f6nj\u00fck, hogy feliratkozt\u00e1l h\u00edrlevel\u00fcnkre!","_et_gb_content_width":"","footnotes":""},"categories":[],"tags":[],"class_list":["post-228473","page","type-page","status-publish","hentry"],"_links":{"self":[{"href":"https:\/\/3dparade.com\/en\/wp-json\/wp\/v2\/pages\/228473","targetHints":{"allow":["GET"]}}],"collection":[{"href":"https:\/\/3dparade.com\/en\/wp-json\/wp\/v2\/pages"}],"about":[{"href":"https:\/\/3dparade.com\/en\/wp-json\/wp\/v2\/types\/page"}],"author":[{"embeddable":true,"href":"https:\/\/3dparade.com\/en\/wp-json\/wp\/v2\/users\/1"}],"replies":[{"embeddable":true,"href":"https:\/\/3dparade.com\/en\/wp-json\/wp\/v2\/comments?post=228473"}],"version-history":[{"count":2,"href":"https:\/\/3dparade.com\/en\/wp-json\/wp\/v2\/pages\/228473\/revisions"}],"predecessor-version":[{"id":228475,"href":"https:\/\/3dparade.com\/en\/wp-json\/wp\/v2\/pages\/228473\/revisions\/228475"}],"wp:attachment":[{"href":"https:\/\/3dparade.com\/en\/wp-json\/wp\/v2\/media?parent=228473"}],"wp:term":[{"taxonomy":"category","embeddable":true,"href":"https:\/\/3dparade.com\/en\/wp-json\/wp\/v2\/categories?post=228473"},{"taxonomy":"post_tag","embeddable":true,"href":"https:\/\/3dparade.com\/en\/wp-json\/wp\/v2\/tags?post=228473"}],"curies":[{"name":"wp","href":"https:\/\/api.w.org\/{rel}","templated":true}]}}