{"id":228464,"date":"2020-05-29T12:26:42","date_gmt":"2020-05-29T10:26:42","guid":{"rendered":"https:\/\/3dparade.com\/?page_id=228464"},"modified":"2020-05-29T12:26:47","modified_gmt":"2020-05-29T10:26:47","slug":"kapcsolaturlap-koszonooldal","status":"publish","type":"page","link":"https:\/\/3dparade.com\/en\/kapcsolaturlap-koszonooldal\/","title":{"rendered":"Kapcsolaturlap-koszonooldal"},"content":{"rendered":"<p>[et_pb_section fb_built=&#8221;1&#8243; _builder_version=&#8221;3.22&#8243; fb_built=&#8221;1&#8243; _i=&#8221;0&#8243; _address=&#8221;0&#8243;][et_pb_row _builder_version=&#8221;3.25&#8243; background_size=&#8221;initial&#8221; background_position=&#8221;top_left&#8221; background_repeat=&#8221;repeat&#8221; _i=&#8221;0&#8243; _address=&#8221;0.0&#8243;][et_pb_column type=&#8221;4_4&#8243; _builder_version=&#8221;3.25&#8243; custom_padding=&#8221;|||&#8221; _i=&#8221;0&#8243; _address=&#8221;0.0.0&#8243; custom_padding__hover=&#8221;|||&#8221;][et_pb_text _builder_version=&#8221;3.27.4&#8243; background_size=&#8221;initial&#8221; background_position=&#8221;top_left&#8221; background_repeat=&#8221;repeat&#8221; _i=&#8221;0&#8243; _address=&#8221;0.0.0.0&#8243;]K\u00f6sz\u00f6nj\u00fck, hogy kapcsolatba l\u00e9pt\u00e9l vel\u00fcnk! [\/et_pb_text][\/et_pb_column][\/et_pb_row][\/et_pb_section]<\/p>\n","protected":false},"excerpt":{"rendered":"<p>K\u00f6sz\u00f6nj\u00fck, hogy kapcsolatba l\u00e9pt\u00e9l vel\u00fcnk!<\/p>","protected":false},"author":1,"featured_media":0,"parent":0,"menu_order":0,"comment_status":"closed","ping_status":"closed","template":"","meta":{"_et_pb_use_builder":"on","_et_pb_old_content":"<p>K\u00f6sz\u00f6nj\u00fck, hogy kapcsolatba l\u00e9pt\u00e9l vel\u00fcnk!<\/p>","_et_gb_content_width":"","footnotes":""},"categories":[],"tags":[],"class_list":["post-228464","page","type-page","status-publish","hentry"],"_links":{"self":[{"href":"https:\/\/3dparade.com\/en\/wp-json\/wp\/v2\/pages\/228464","targetHints":{"allow":["GET"]}}],"collection":[{"href":"https:\/\/3dparade.com\/en\/wp-json\/wp\/v2\/pages"}],"about":[{"href":"https:\/\/3dparade.com\/en\/wp-json\/wp\/v2\/types\/page"}],"author":[{"embeddable":true,"href":"https:\/\/3dparade.com\/en\/wp-json\/wp\/v2\/users\/1"}],"replies":[{"embeddable":true,"href":"https:\/\/3dparade.com\/en\/wp-json\/wp\/v2\/comments?post=228464"}],"version-history":[{"count":4,"href":"https:\/\/3dparade.com\/en\/wp-json\/wp\/v2\/pages\/228464\/revisions"}],"predecessor-version":[{"id":228472,"href":"https:\/\/3dparade.com\/en\/wp-json\/wp\/v2\/pages\/228464\/revisions\/228472"}],"wp:attachment":[{"href":"https:\/\/3dparade.com\/en\/wp-json\/wp\/v2\/media?parent=228464"}],"wp:term":[{"taxonomy":"category","embeddable":true,"href":"https:\/\/3dparade.com\/en\/wp-json\/wp\/v2\/categories?post=228464"},{"taxonomy":"post_tag","embeddable":true,"href":"https:\/\/3dparade.com\/en\/wp-json\/wp\/v2\/tags?post=228464"}],"curies":[{"name":"wp","href":"https:\/\/api.w.org\/{rel}","templated":true}]}}