{"id":116188,"date":"2019-03-07T19:40:44","date_gmt":"2019-03-07T19:40:44","guid":{"rendered":"http:\/\/3dparade.com\/?page_id=116188"},"modified":"2019-04-23T18:52:36","modified_gmt":"2019-04-23T18:52:36","slug":"referenciak","status":"publish","type":"page","link":"https:\/\/3dparade.com\/en\/referenciak\/","title":{"rendered":"Referenci\u00e1k"},"content":{"rendered":"<p>[et_pb_section fb_built=&#8221;1&#8243; admin_label=&#8221;K\u00e9k cs\u00edk a men\u00fc alatt desktopon&#8221; _builder_version=&#8221;3.22.3&#8243; background_color=&#8221;rgba(0,0,0,0)&#8221; z_index_tablet=&#8221;500&#8243; collapsed=&#8221;on&#8221;][et_pb_row custom_padding_tablet=&#8221;0px||0px&#8221; custom_padding_last_edited=&#8221;on|phone&#8221; disabled_on=&#8221;on|on|off&#8221; admin_label=&#8221;K\u00e9k cs\u00edk a men\u00fc alatt desktopon&#8221; _builder_version=&#8221;3.22.3&#8243; collapsed=&#8221;on&#8221;][et_pb_column type=&#8221;4_4&#8243; _builder_version=&#8221;3.21.4&#8243;][et_pb_divider _builder_version=&#8221;3.22.2&#8243; custom_margin_tablet=&#8221;||&#8221; custom_margin_last_edited=&#8221;on|phone&#8221; custom_padding=&#8221;0px||0px&#8221;][\/et_pb_divider][\/et_pb_column][\/et_pb_row][\/et_pb_section][et_pb_section fb_built=&#8221;1&#8243; admin_label=&#8221;Main&#8221; _builder_version=&#8221;3.22.3&#8243; background_color=&#8221;#efefef&#8221; background_image=&#8221;https:\/\/3dparade.com\/wp-content\/uploads\/2019\/04\/hatszog_o.png&#8221; background_size=&#8221;contain&#8221; background_repeat=&#8221;repeat-y&#8221; background_blend=&#8221;lighten&#8221; z_index_tablet=&#8221;500&#8243; collapsed=&#8221;off&#8221;][et_pb_row custom_padding=&#8221;0px||30px&#8221; custom_margin=&#8221;||&#8221; _builder_version=&#8221;3.22.3&#8243; background_color=&#8221;rgba(255,255,255,0)&#8221; z_index_tablet=&#8221;500&#8243; custom_css_main_element=&#8221;width:100% !important;&#8221; collapsed=&#8221;off&#8221;][et_pb_column type=&#8221;4_4&#8243; _builder_version=&#8221;3.0.47&#8243;][et_pb_code _builder_version=&#8221;3.21.1&#8243; z_index_tablet=&#8221;500&#8243;][rev_slider alias=&#8221;3d-nyomt-nagyslider&#8221;][\/et_pb_code][et_pb_divider show_divider=&#8221;off&#8221; _builder_version=&#8221;3.22.2&#8243; custom_margin=&#8221;40px|||&#8221; z_index_tablet=&#8221;500&#8243;][\/et_pb_divider][et_pb_text admin_label=&#8221;Sz\u00f6veg&#8221; _builder_version=&#8221;3.22.4&#8243; header_2_font=&#8221;|300||on|||||&#8221; custom_margin=&#8221;0px|10px|40px|10px&#8221; custom_margin_tablet=&#8221;||0px&#8221; custom_margin_phone=&#8221;||0px&#8221; custom_margin_last_edited=&#8221;on|desktop&#8221; custom_padding=&#8221;20px|10px||10px&#8221; z_index_tablet=&#8221;500&#8243;]<\/p>\n<h2 style=\"text-align: center;\">Referenci\u00e1ink<\/h2>\n<p>[\/et_pb_text][\/et_pb_column][\/et_pb_row][et_pb_row _builder_version=&#8221;3.22.4&#8243;][et_pb_column type=&#8221;4_4&#8243; _builder_version=&#8221;3.22.4&#8243;][et_pb_filterable_portfolio _builder_version=&#8221;3.22.4&#8243; include_categories=&#8221;41&#8243;][\/et_pb_filterable_portfolio][\/et_pb_column][\/et_pb_row][et_pb_row custom_padding=&#8221;||20px|&#8221; custom_margin=&#8221;|||&#8221; padding_top_1=&#8221;20px&#8221; padding_right_1=&#8221;50px&#8221; padding_bottom_1=&#8221;20px&#8221; padding_left_1=&#8221;50px&#8221; _builder_version=&#8221;3.22.3&#8243; background_color=&#8221;rgba(255,255,255,0)&#8221; z_index_tablet=&#8221;500&#8243; custom_css_main_element=&#8221;width:100% !important;&#8221; collapsed=&#8221;off&#8221;][et_pb_column type=&#8221;4_4&#8243; _builder_version=&#8221;3.0.47&#8243;][et_pb_text admin_label=&#8221;Szolg\u00e1ltat\u00e1saink&#8221; _builder_version=&#8221;3.22.4&#8243; text_font=&#8221;|300|||||||&#8221; text_text_color=&#8221;#333&#8243; header_font=&#8221;|700||on|||||&#8221; header_text_color=&#8221;#ffffff&#8221; header_font_size=&#8221;20px&#8221; header_2_font=&#8221;|300||on|||||&#8221; header_2_text_color=&#8221;#333&#8243; border_radii=&#8221;|||0px|0px&#8221; border_color_all=&#8221;rgba(255,255,255,0)&#8221; custom_margin=&#8221;|||&#8221; custom_padding=&#8221;50px||0px|&#8221; custom_padding_tablet=&#8221;10px||10px|&#8221; custom_padding_phone=&#8221;||10px&#8221; custom_padding_last_edited=&#8221;on|desktop&#8221; z_index_tablet=&#8221;500&#8243;]<\/p>\n<h2 style=\"text-align: center;\">TOV\u00c1BBI SZOLG\u00c1LTAT\u00c1SAINK<\/h2>\n<p style=\"text-align: center;\">[\/et_pb_text][\/et_pb_column][\/et_pb_row][et_pb_row custom_padding=&#8221;||30px&#8221; custom_margin=&#8221;||30px&#8221; _builder_version=&#8221;3.22.4&#8243;][et_pb_column type=&#8221;1_6&#8243; _builder_version=&#8221;3.22.4&#8243;][et_pb_text admin_label=&#8221;3D szken&#8221; _builder_version=&#8221;3.22.4&#8243; animation_style=&#8221;flip&#8221; animation_delay=&#8221;500ms&#8221; link_option_url=&#8221;..\/3d-szkenneles\/&#8221;]<\/p>\n<p style=\"text-align: center;\"><img decoding=\"async\" class=\"aligncenter wp-image-215195 size-thumbnail\" src=\"https:\/\/3dparade.com\/wp-content\/uploads\/2019\/04\/04-150x150.png\" alt=\"\" width=\"150\" height=\"150\" srcset=\"https:\/\/3dparade.com\/wp-content\/uploads\/2019\/04\/04-150x150.png 150w, https:\/\/3dparade.com\/wp-content\/uploads\/2019\/04\/04-300x300.png 300w, https:\/\/3dparade.com\/wp-content\/uploads\/2019\/04\/04.png 400w, https:\/\/3dparade.com\/wp-content\/uploads\/2019\/04\/04-100x100.png 100w\" sizes=\"(max-width: 150px) 100vw, 150px\" \/>3D szkennel\u00e9s<\/p>\n<p>[\/et_pb_text][\/et_pb_column][et_pb_column type=&#8221;1_6&#8243; _builder_version=&#8221;3.22.4&#8243;][et_pb_text admin_label=&#8221;Tervez\u00e9s&#8221; _builder_version=&#8221;3.22.4&#8243; animation_style=&#8221;flip&#8221; animation_delay=&#8221;600ms&#8221; link_option_url=&#8221;https:\/\/3dparade.com\/3d-tervezes\/&#8221;]<\/p>\n<p style=\"text-align: center;\"><img decoding=\"async\" class=\"aligncenter wp-image-215199 size-thumbnail\" src=\"https:\/\/3dparade.com\/wp-content\/uploads\/2019\/04\/06-150x150.png\" alt=\"\" width=\"150\" height=\"150\" srcset=\"https:\/\/3dparade.com\/wp-content\/uploads\/2019\/04\/06-150x150.png 150w, https:\/\/3dparade.com\/wp-content\/uploads\/2019\/04\/06-300x300.png 300w, https:\/\/3dparade.com\/wp-content\/uploads\/2019\/04\/06.png 400w, https:\/\/3dparade.com\/wp-content\/uploads\/2019\/04\/06-100x100.png 100w\" sizes=\"(max-width: 150px) 100vw, 150px\" \/>3D tervez\u00e9s<\/p>\n<p>[\/et_pb_text][\/et_pb_column][et_pb_column type=&#8221;1_6&#8243; _builder_version=&#8221;3.22.4&#8243;][et_pb_text admin_label=&#8221;UV t\u00e1rgynyomtat\u00e1s&#8221; _builder_version=&#8221;3.22.4&#8243; animation_style=&#8221;flip&#8221; animation_delay=&#8221;700ms&#8221; link_option_url=&#8221;https:\/\/3dparade.com\/uv-targynyomtatas\/&#8221;]<\/p>\n<p style=\"text-align: center;\"><img decoding=\"async\" class=\"aligncenter wp-image-215191 size-thumbnail\" src=\"https:\/\/3dparade.com\/wp-content\/uploads\/2019\/04\/02-150x150.png\" alt=\"\" width=\"150\" height=\"150\" srcset=\"https:\/\/3dparade.com\/wp-content\/uploads\/2019\/04\/02-150x150.png 150w, https:\/\/3dparade.com\/wp-content\/uploads\/2019\/04\/02-300x300.png 300w, https:\/\/3dparade.com\/wp-content\/uploads\/2019\/04\/02.png 400w, https:\/\/3dparade.com\/wp-content\/uploads\/2019\/04\/02-100x100.png 100w\" sizes=\"(max-width: 150px) 100vw, 150px\" \/>3D szkennel\u00e9s<\/p>\n<p>[\/et_pb_text][\/et_pb_column][et_pb_column type=&#8221;1_6&#8243; _builder_version=&#8221;3.22.4&#8243;][et_pb_text admin_label=&#8221;Habv\u00e1g\u00e1s&#8221; _builder_version=&#8221;3.22.4&#8243; animation_style=&#8221;flip&#8221; animation_delay=&#8221;800ms&#8221; link_option_url=&#8221;https:\/\/3dparade.com\/habvagas\/&#8221;]<\/p>\n<p style=\"text-align: center;\"><img loading=\"lazy\" loading=\"lazy\" decoding=\"async\" class=\"wp-image-215201 size-thumbnail aligncenter\" src=\"https:\/\/3dparade.com\/wp-content\/uploads\/2019\/04\/07-150x150.png\" alt=\"\" width=\"150\" height=\"150\" srcset=\"https:\/\/3dparade.com\/wp-content\/uploads\/2019\/04\/07-150x150.png 150w, https:\/\/3dparade.com\/wp-content\/uploads\/2019\/04\/07-300x300.png 300w, https:\/\/3dparade.com\/wp-content\/uploads\/2019\/04\/07.png 400w, https:\/\/3dparade.com\/wp-content\/uploads\/2019\/04\/07-100x100.png 100w\" sizes=\"(max-width: 150px) 100vw, 150px\" \/>Habv\u00e1g\u00e1s<\/p>\n<p>[\/et_pb_text][\/et_pb_column][et_pb_column type=&#8221;1_6&#8243; _builder_version=&#8221;3.22.4&#8243;][et_pb_text admin_label=&#8221;L\u00e9zer gravir&#8221; _builder_version=&#8221;3.22.4&#8243; animation_style=&#8221;flip&#8221; animation_delay=&#8221;900ms&#8221; link_option_url=&#8221;https:\/\/3dparade.com\/lezer-vagas-gravirozas\/&#8221;]<\/p>\n<p style=\"text-align: center;\"><img loading=\"lazy\" loading=\"lazy\" decoding=\"async\" class=\"aligncenter wp-image-215197 size-thumbnail\" src=\"https:\/\/3dparade.com\/wp-content\/uploads\/2019\/04\/05-150x150.png\" alt=\"\" width=\"150\" height=\"150\" srcset=\"https:\/\/3dparade.com\/wp-content\/uploads\/2019\/04\/05-150x150.png 150w, https:\/\/3dparade.com\/wp-content\/uploads\/2019\/04\/05-300x300.png 300w, https:\/\/3dparade.com\/wp-content\/uploads\/2019\/04\/05.png 400w, https:\/\/3dparade.com\/wp-content\/uploads\/2019\/04\/05-100x100.png 100w\" sizes=\"(max-width: 150px) 100vw, 150px\" \/>L\u00e9zerv\u00e1g\u00e1s, grav\u00edroz\u00e1s<\/p>\n<p>[\/et_pb_text][\/et_pb_column][et_pb_column type=&#8221;1_6&#8243; _builder_version=&#8221;3.22.4&#8243;][et_pb_text admin_label=&#8221;V\u00e1kuum&#8221; _builder_version=&#8221;3.22.4&#8243; animation_style=&#8221;flip&#8221; animation_delay=&#8221;1000ms&#8221; link_option_url=&#8221;https:\/\/3dparade.com\/vakuum-ontes\/&#8221;]<\/p>\n<p style=\"text-align: center;\"><img loading=\"lazy\" loading=\"lazy\" decoding=\"async\" class=\"aligncenter wp-image-215189 size-thumbnail\" src=\"https:\/\/3dparade.com\/wp-content\/uploads\/2019\/04\/01-150x150.png\" alt=\"\" width=\"150\" height=\"150\" srcset=\"https:\/\/3dparade.com\/wp-content\/uploads\/2019\/04\/01-150x150.png 150w, https:\/\/3dparade.com\/wp-content\/uploads\/2019\/04\/01-300x300.png 300w, https:\/\/3dparade.com\/wp-content\/uploads\/2019\/04\/01.png 400w, https:\/\/3dparade.com\/wp-content\/uploads\/2019\/04\/01-100x100.png 100w\" sizes=\"(max-width: 150px) 100vw, 150px\" \/>V\u00e1kuum \u00f6nt\u00e9s<\/p>\n<p>[\/et_pb_text][\/et_pb_column][\/et_pb_row][et_pb_row custom_padding=&#8221;||20px|&#8221; custom_margin=&#8221;|||&#8221; padding_top_1=&#8221;20px&#8221; padding_right_1=&#8221;50px&#8221; padding_bottom_1=&#8221;20px&#8221; padding_left_1=&#8221;50px&#8221; _builder_version=&#8221;3.22.3&#8243; background_color=&#8221;#ffffff&#8221; z_index_tablet=&#8221;500&#8243; custom_css_main_element=&#8221;width:100% !important;&#8221; collapsed=&#8221;off&#8221;][et_pb_column type=&#8221;4_4&#8243; _builder_version=&#8221;3.0.47&#8243;][et_pb_text admin_label=&#8221;Term\u00e9keink&#8221; _builder_version=&#8221;3.22.2&#8243; text_font=&#8221;|300|||||||&#8221; text_text_color=&#8221;#333&#8243; header_font=&#8221;|700||on|||||&#8221; header_text_color=&#8221;#ffffff&#8221; header_font_size=&#8221;20px&#8221; header_2_font=&#8221;|300||on|||||&#8221; header_2_text_color=&#8221;#333&#8243; border_radii=&#8221;|||0px|0px&#8221; border_color_all=&#8221;rgba(255,255,255,0)&#8221; custom_margin=&#8221;|||&#8221; custom_padding=&#8221;50px||50px|&#8221; custom_padding_tablet=&#8221;10px||10px|&#8221; custom_padding_phone=&#8221;||10px&#8221; custom_padding_last_edited=&#8221;on|desktop&#8221; z_index_tablet=&#8221;500&#8243;]<\/p>\n<h2 style=\"text-align: center;\">TERM\u00c9KEINK<\/h2>\n<p style=\"text-align: center;\">[\/et_pb_text][et_pb_shop type=&#8221;product_category&#8221; posts_number=&#8221;4&#8243; _builder_version=&#8221;3.22.2&#8243; custom_padding=&#8221;||50px&#8221;][\/et_pb_shop][\/et_pb_column][\/et_pb_row][et_pb_row custom_padding=&#8221;|20px|20px|20px&#8221; custom_margin=&#8221;|20px||20px&#8221; padding_top_1=&#8221;20px&#8221; padding_right_1=&#8221;20px&#8221; padding_left_1=&#8221;20px&#8221; _builder_version=&#8221;3.22.3&#8243; background_color=&#8221;rgba(255,255,255,0)&#8221; z_index_tablet=&#8221;500&#8243; custom_css_main_element=&#8221;width:100% !important;&#8221; collapsed=&#8221;off&#8221;][et_pb_column type=&#8221;4_4&#8243; _builder_version=&#8221;3.0.47&#8243;][et_pb_text admin_label=&#8221;V\u00e9ge&#8221; _builder_version=&#8221;3.21.4&#8243; text_font=&#8221;|300|||||||&#8221; text_text_color=&#8221;#333&#8243; header_font=&#8221;|700||on|||||&#8221; header_text_color=&#8221;#ffffff&#8221; header_font_size=&#8221;20px&#8221; header_2_font=&#8221;|300||on|||||&#8221; header_2_text_color=&#8221;#333&#8243; border_radii=&#8221;|||0px|0px&#8221; border_color_all=&#8221;rgba(255,255,255,0)&#8221; custom_margin=&#8221;10px|10px|0px|15px&#8221; custom_margin_tablet=&#8221;|||10px&#8221; custom_margin_last_edited=&#8221;on|phone&#8221; custom_padding=&#8221;50px|70px|0px|&#8221; custom_padding_tablet=&#8221;|10px||&#8221; custom_padding_phone=&#8221;|10px||&#8221; custom_padding_last_edited=&#8221;on|phone&#8221; z_index_tablet=&#8221;500&#8243;]<\/p>\n<p style=\"text-align: center;\">Az egy darabos megrendel\u00e9st\u0151l a kis sz\u00e9ri\u00e1s gy\u00e1rt\u00e1sig rendelkez\u00e9sre \u00e1llunk mag\u00e1nszem\u00e9lyek \u00e9s c\u00e9gek r\u00e9sz\u00e9re egyar\u00e1nt.<br \/>Webshopunkon kereszt\u00fcl 2 \u00e9v garanci\u00e1val el\u00e9rhet\u0151ek hobbi \u00e9s professzion\u00e1lis 3D nyomtat\u00f3k, 3D tollak \u00e9s k\u00fcl\u00f6nf\u00e9le alapanyagok.<\/p>\n<p style=\"text-align: center;\">[\/et_pb_text][et_pb_button button_url=&#8221;https:\/\/3dparade.com\/ajanlatkeres\/&#8221; button_text=&#8221;AJ\u00c1NLATK\u00c9R\u00c9S&#8221; button_alignment=&#8221;center&#8221; admin_label=&#8221;Gomb&#8221; _builder_version=&#8221;3.21.4&#8243; custom_button=&#8221;on&#8221; button_bg_color=&#8221;#2980ad&#8221; button_font=&#8221;||||||||&#8221; background_layout=&#8221;dark&#8221; custom_margin=&#8221;|||&#8221; custom_padding=&#8221;|550px||550px&#8221; custom_padding_tablet=&#8221;|60px||60px&#8221; custom_padding_phone=&#8221;|60px||60px&#8221; custom_padding_last_edited=&#8221;on|phone&#8221;][\/et_pb_button][et_pb_divider color=&#8221;rgba(0,0,0,0)&#8221; _builder_version=&#8221;3.21.4&#8243; height=&#8221;72px&#8221;][\/et_pb_divider][\/et_pb_column][\/et_pb_row][\/et_pb_section]<\/p>\n","protected":false},"excerpt":{"rendered":"<p>[rev_slider alias=&#8221;3d-nyomt-nagyslider&#8221;]Referenci\u00e1inkTOV\u00c1BBI SZOLG\u00c1LTAT\u00c1SAINK 3D szkennel\u00e9s3D tervez\u00e9s3D szkennel\u00e9sHabv\u00e1g\u00e1sL\u00e9zerv\u00e1g\u00e1s, grav\u00edroz\u00e1sV\u00e1kuum \u00f6nt\u00e9sTERM\u00c9KEINK Az egy darabos megrendel\u00e9st\u0151l a kis sz\u00e9ri\u00e1s gy\u00e1rt\u00e1sig rendelkez\u00e9sre \u00e1llunk mag\u00e1nszem\u00e9lyek \u00e9s c\u00e9gek r\u00e9sz\u00e9re egyar\u00e1nt.Webshopunkon kereszt\u00fcl 2 \u00e9v garanci\u00e1val el\u00e9rhet\u0151ek hobbi \u00e9s professzion\u00e1lis 3D nyomtat\u00f3k, 3D tollak \u00e9s k\u00fcl\u00f6nf\u00e9le alapanyagok.<\/p>\n","protected":false},"author":1,"featured_media":0,"parent":0,"menu_order":0,"comment_status":"closed","ping_status":"closed","template":"","meta":{"_et_pb_use_builder":"on","_et_pb_old_content":"","_et_gb_content_width":"","footnotes":""},"categories":[],"tags":[],"class_list":["post-116188","page","type-page","status-publish","hentry"],"_links":{"self":[{"href":"https:\/\/3dparade.com\/en\/wp-json\/wp\/v2\/pages\/116188","targetHints":{"allow":["GET"]}}],"collection":[{"href":"https:\/\/3dparade.com\/en\/wp-json\/wp\/v2\/pages"}],"about":[{"href":"https:\/\/3dparade.com\/en\/wp-json\/wp\/v2\/types\/page"}],"author":[{"embeddable":true,"href":"https:\/\/3dparade.com\/en\/wp-json\/wp\/v2\/users\/1"}],"replies":[{"embeddable":true,"href":"https:\/\/3dparade.com\/en\/wp-json\/wp\/v2\/comments?post=116188"}],"version-history":[{"count":4,"href":"https:\/\/3dparade.com\/en\/wp-json\/wp\/v2\/pages\/116188\/revisions"}],"predecessor-version":[{"id":215249,"href":"https:\/\/3dparade.com\/en\/wp-json\/wp\/v2\/pages\/116188\/revisions\/215249"}],"wp:attachment":[{"href":"https:\/\/3dparade.com\/en\/wp-json\/wp\/v2\/media?parent=116188"}],"wp:term":[{"taxonomy":"category","embeddable":true,"href":"https:\/\/3dparade.com\/en\/wp-json\/wp\/v2\/categories?post=116188"},{"taxonomy":"post_tag","embeddable":true,"href":"https:\/\/3dparade.com\/en\/wp-json\/wp\/v2\/tags?post=116188"}],"curies":[{"name":"wp","href":"https:\/\/api.w.org\/{rel}","templated":true}]}}