{"id":116186,"date":"2019-03-07T19:40:30","date_gmt":"2019-03-07T19:40:30","guid":{"rendered":"http:\/\/3dparade.com\/?page_id=116186"},"modified":"2019-09-24T08:58:39","modified_gmt":"2019-09-24T08:58:39","slug":"ajanlatkeres","status":"publish","type":"page","link":"https:\/\/3dparade.com\/en\/ajanlatkeres\/","title":{"rendered":"Request"},"content":{"rendered":"<p>[et_pb_section fb_built=&#8221;1&#8243; _builder_version=&#8221;3.22.3&#8243; background_color=&#8221;rgba(0,0,0,0)&#8221; global_module=&#8221;214757&#8243; fb_built=&#8221;1&#8243; _i=&#8221;0&#8243; _address=&#8221;0&#8243;][et_pb_row _builder_version=&#8221;3.27.3&#8243; _i=&#8221;0&#8243; _address=&#8221;0.0&#8243;][et_pb_column type=&#8221;4_4&#8243; _builder_version=&#8221;3.27.3&#8243; _i=&#8221;0&#8243; _address=&#8221;0.0.0&#8243;][et_pb_image _builder_version=&#8221;3.29.3&#8243; hover_enabled=&#8221;0&#8243; _i=&#8221;0&#8243; _address=&#8221;0.0.0.0&#8243; src=&#8221;https:\/\/3dparade.com\/wp-content\/uploads\/2019\/09\/ajanlatkeres-copy.jpg&#8221;][\/et_pb_image][\/et_pb_column][\/et_pb_row][\/et_pb_section][et_pb_section fb_built=&#8221;1&#8243; admin_label=&#8221;section&#8221; _builder_version=&#8221;3.29.3&#8243; background_color=&#8221;rgba(0,0,0,0)&#8221; collapsed=&#8221;off&#8221; fb_built=&#8221;1&#8243; _i=&#8221;1&#8243; _address=&#8221;1&#8243;][et_pb_row admin_label=&#8221;row&#8221; _builder_version=&#8221;3.29.3&#8243; background_color=&#8221;#ffffff&#8221; background_size=&#8221;initial&#8221; background_position=&#8221;top_left&#8221; background_repeat=&#8221;repeat&#8221; custom_css_main_element=&#8221;width:100% !important&#8221; collapsed=&#8221;off&#8221; _i=&#8221;0&#8243; _address=&#8221;1.0&#8243;][et_pb_column type=&#8221;4_4&#8243; _builder_version=&#8221;3.25&#8243; custom_padding=&#8221;|||&#8221; _i=&#8221;0&#8243; _address=&#8221;1.0.0&#8243; custom_padding__hover=&#8221;|||&#8221;][et_pb_divider show_divider=&#8221;off&#8221; _builder_version=&#8221;3.29.3&#8243; height=&#8221;50px&#8221; _i=&#8221;0&#8243; _address=&#8221;1.0.0.0&#8243;][\/et_pb_divider][et_pb_text _builder_version=&#8221;3.27.4&#8243; text_font=&#8221;|300|||||||&#8221; header_font=&#8221;|300|||||||&#8221; _i=&#8221;1&#8243; _address=&#8221;1.0.0.1&#8243;]<\/p>\n<h1 style=\"text-align: center;\">\u00c1RAJ\u00c1NLAT K\u00c9R\u00c9SE<\/h1>\n<p style=\"text-align: center;\">Az al\u00e1bbi adatbek\u00e9r\u0151 kit\u00f6lt\u00e9s\u00e9vel regisztr\u00e1ci\u00f3 n\u00e9lk\u00fcl, egyszer\u0171en \u00e9s gyorsan k\u00e9rhet t\u0151l\u00fcnk \u00e1raj\u00e1nlatot, veheti fel vel\u00fcnk a kapcsolatot.<\/p>\n<p>[\/et_pb_text][et_pb_divider show_divider=&#8221;off&#8221; _builder_version=&#8221;3.21.4&#8243; height=&#8221;50px&#8221; _i=&#8221;2&#8243; _address=&#8221;1.0.0.2&#8243;][\/et_pb_divider][et_pb_code _builder_version=&#8221;3.22.7&#8243; _i=&#8221;3&#8243; _address=&#8221;1.0.0.3&#8243;][ipt_fsqm_form id=&#8221;7&#8243;][\/et_pb_code][et_pb_divider show_divider=&#8221;off&#8221; _builder_version=&#8221;3.21.4&#8243; height=&#8221;50px&#8221; _i=&#8221;4&#8243; _address=&#8221;1.0.0.4&#8243;][\/et_pb_divider][\/et_pb_column][\/et_pb_row][\/et_pb_section]<\/p>\n","protected":false},"excerpt":{"rendered":"<p>\u00c1RAJ\u00c1NLAT K\u00c9R\u00c9SE Az al\u00e1bbi adatbek\u00e9r\u0151 kit\u00f6lt\u00e9s\u00e9vel regisztr\u00e1ci\u00f3 n\u00e9lk\u00fcl, egyszer\u0171en \u00e9s gyorsan k\u00e9rhet t\u0151l\u00fcnk \u00e1raj\u00e1nlatot, veheti fel vel\u00fcnk a kapcsolatot.[ipt_fsqm_form id=&#8221;7&#8243;]<\/p>\n","protected":false},"author":1,"featured_media":0,"parent":0,"menu_order":0,"comment_status":"closed","ping_status":"closed","template":"","meta":{"_et_pb_use_builder":"on","_et_pb_old_content":"","_et_gb_content_width":"","footnotes":""},"categories":[],"tags":[],"class_list":["post-116186","page","type-page","status-publish","hentry"],"_links":{"self":[{"href":"https:\/\/3dparade.com\/en\/wp-json\/wp\/v2\/pages\/116186","targetHints":{"allow":["GET"]}}],"collection":[{"href":"https:\/\/3dparade.com\/en\/wp-json\/wp\/v2\/pages"}],"about":[{"href":"https:\/\/3dparade.com\/en\/wp-json\/wp\/v2\/types\/page"}],"author":[{"embeddable":true,"href":"https:\/\/3dparade.com\/en\/wp-json\/wp\/v2\/users\/1"}],"replies":[{"embeddable":true,"href":"https:\/\/3dparade.com\/en\/wp-json\/wp\/v2\/comments?post=116186"}],"version-history":[{"count":21,"href":"https:\/\/3dparade.com\/en\/wp-json\/wp\/v2\/pages\/116186\/revisions"}],"predecessor-version":[{"id":220236,"href":"https:\/\/3dparade.com\/en\/wp-json\/wp\/v2\/pages\/116186\/revisions\/220236"}],"wp:attachment":[{"href":"https:\/\/3dparade.com\/en\/wp-json\/wp\/v2\/media?parent=116186"}],"wp:term":[{"taxonomy":"category","embeddable":true,"href":"https:\/\/3dparade.com\/en\/wp-json\/wp\/v2\/categories?post=116186"},{"taxonomy":"post_tag","embeddable":true,"href":"https:\/\/3dparade.com\/en\/wp-json\/wp\/v2\/tags?post=116186"}],"curies":[{"name":"wp","href":"https:\/\/api.w.org\/{rel}","templated":true}]}}